{"id":8,"date":"2025-09-30T10:54:26","date_gmt":"2025-09-30T15:54:26","guid":{"rendered":"https:\/\/elanalistacontable.com\/?page_id=8"},"modified":"2025-12-20T17:33:54","modified_gmt":"2025-12-20T22:33:54","slug":"acerca-de","status":"publish","type":"page","link":"https:\/\/elanalistacontable.com\/index.php\/acerca-de\/","title":{"rendered":"Acerca de"},"content":{"rendered":"\n<div class=\"wp-block-cover alignfull\" style=\"min-height:541px;aspect-ratio:unset;\"><img fetchpriority=\"high\" decoding=\"async\" width=\"1920\" height=\"602\" class=\"wp-block-cover__image-background wp-image-362 size-full\" alt=\"\" src=\"https:\/\/elanalistacontable.com\/wp-content\/uploads\/2025\/10\/acerca.png\" data-object-fit=\"cover\"\/><span aria-hidden=\"true\" class=\"wp-block-cover__background has-nv-site-bg-background-color has-background-dim-10 has-background-dim\"><\/span><div class=\"wp-block-cover__inner-container is-layout-flow wp-block-cover-is-layout-flow\">\n<div class=\"wp-block-group\" style=\"padding-right:var(--wp--preset--spacing--30);padding-left:var(--wp--preset--spacing--30)\"><div class=\"wp-block-group__inner-container is-layout-flow wp-block-group-is-layout-flow\">\n<h1 class=\"wp-block-heading has-text-align-left has-neve-text-color-color has-text-color\"><\/h1>\n<\/div><\/div>\n<\/div><\/div>\n\n\n\n<div style=\"height:100px\" aria-hidden=\"true\" class=\"wp-block-spacer\"><\/div>\n\n\n\n<div class=\"wp-block-cover alignfull\" style=\"min-height:600px;aspect-ratio:unset;\"><span aria-hidden=\"true\" class=\"wp-block-cover__background has-nv-light-bg-background-color has-background-dim-100 has-background-dim\"><\/span><div class=\"wp-block-cover__inner-container is-layout-flow wp-block-cover-is-layout-flow\">\n<div class=\"wp-block-group\"><div class=\"wp-block-group__inner-container is-layout-flow wp-block-group-is-layout-flow\">\n<div style=\"height:80px\" aria-hidden=\"true\" class=\"wp-block-spacer\"><\/div>\n\n\n\n<h2 class=\"wp-block-heading has-nv-dark-bg-color has-text-color has-link-color wp-elements-277bed7cf936e46fbc21109c984c03db\">ANTECEDENTES<\/h2>\n\n\n\n<p class=\"has-nv-dark-bg-color has-text-color has-link-color has-medium-font-size wp-elements-3b82158d8dae10c545d126d9b1ccefda\">Las autoridades de control establecen y ejecutan revisiones y requerimientos de informaci\u00f3n peri\u00f3dicos cada vez m\u00e1s estrictos y complejos que necesariamente deben ser atendidos por gente especializada en esta materia, pues de lo contrario esto podr\u00eda generar importantes contingencias y riesgos. Finalmente, los procesos de expansi\u00f3n y de internacionalizaci\u00f3n empresarial necesariamente deben ir acompa\u00f1ados de una planeaci\u00f3n estrat\u00e9gica en el \u00e1mbito financiero y dentro de este campo en particular se debe tomar en consideraci\u00f3n los aspectos tributarios.<\/p>\n\n\n\n<p class=\"has-nv-dark-bg-color has-text-color has-link-color has-medium-font-size wp-elements-8c0e3397e234b070544093a6863d9dc3\">La especialidad del trabajo y la competencia cada vez m\u00e1s abierta en los sectores empresariales obliga a quienes dirigen estos conglomerados a dedicarse a aquellas actividades que otorguen valor agregado a la empresa, dejando las actividades de apoyo y complementarias en manos de empresas especializadas que producto de las econom\u00edas de escala y de su profesionalismo puedan brindar un servicio eficiente y con menores costos. Entre los servicios que brindamos se tiene:<\/p>\n\n\n\n<div style=\"height:100px\" aria-hidden=\"true\" class=\"wp-block-spacer\"><\/div>\n\n\n\n<h2 class=\"wp-block-heading has-nv-dark-bg-color has-text-color has-link-color wp-elements-b2b9c4c8fbb8969806f9582bf8d08e53\">CONOCE A NUESTRO EQUIPO<\/h2>\n\n\n\n<div class=\"wp-block-columns is-layout-flex wp-container-core-columns-is-layout-9d6595d7 wp-block-columns-is-layout-flex\">\n<div class=\"wp-block-column is-layout-flow wp-block-column-is-layout-flow\" style=\"flex-basis:30%\">\n<p><\/p>\n\n\n\n<p><\/p>\n\n\n\n<h2 class=\"wp-block-heading has-text-align-right has-nv-dark-bg-color has-text-color has-link-color wp-elements-8ba090e3e34f64db36f33490a7c818d3\">Erwing Ortiz Mac\u00edas<\/h2>\n\n\n\n<p class=\"has-text-align-right has-nv-dark-bg-color has-text-color has-link-color wp-elements-af88433680609bae6adf6031d3ff7874\">Lic. en Administraci\u00f3n de Empresas.<br>Mgtr. en Finanzas y Riesgo<br>Mgtr. en Ciberseguridad<br>Gerente General<br><strong>EOM CONSULTING<\/strong><\/p>\n\n\n\n<p class=\"has-text-align-right has-nv-dark-bg-color has-text-color has-link-color wp-elements-6319e888baadf2ad0632e612b7a93fc1\">www.eom.com.ec<\/p>\n<\/div>\n\n\n\n<div class=\"wp-block-column is-layout-flow wp-block-column-is-layout-flow\"><\/div>\n\n\n\n<div class=\"wp-block-column is-layout-flow wp-block-column-is-layout-flow\" style=\"flex-basis:70%\">\n<figure class=\"wp-block-image size-full\"><img decoding=\"async\" width=\"934\" height=\"676\" src=\"https:\/\/elanalistacontable.com\/wp-content\/uploads\/2025\/10\/foto01.png\" alt=\"\" class=\"wp-image-178\"\/><\/figure>\n<\/div>\n<\/div>\n\n\n\n<div style=\"height:100px\" aria-hidden=\"true\" class=\"wp-block-spacer\"><\/div>\n\n\n\n<div class=\"wp-block-columns is-layout-flex wp-container-core-columns-is-layout-9d6595d7 wp-block-columns-is-layout-flex\">\n<div class=\"wp-block-column is-layout-flow wp-block-column-is-layout-flow\" style=\"flex-basis:70%\">\n<p><\/p>\n\n\n\n<figure class=\"wp-block-image size-full\"><img decoding=\"async\" width=\"959\" height=\"674\" src=\"https:\/\/elanalistacontable.com\/wp-content\/uploads\/2025\/10\/foto02.png\" alt=\"\" class=\"wp-image-183\"\/><\/figure>\n<\/div>\n\n\n\n<div class=\"wp-block-column is-layout-flow wp-block-column-is-layout-flow\"><\/div>\n\n\n\n<div class=\"wp-block-column is-layout-flow wp-block-column-is-layout-flow\" style=\"flex-basis:30%\">\n<p><\/p>\n\n\n\n<p><\/p>\n\n\n\n<p><\/p>\n\n\n\n<h2 class=\"wp-block-heading has-nv-dark-bg-color has-text-color has-link-color wp-elements-1616209e3e5b92644d528b427f188807\">Baddi Aurea Aurea<\/h2>\n\n\n\n<p class=\"has-nv-dark-bg-color has-text-color has-link-color wp-elements-4df3535511e27b06d7d796390778df32\">Gerente empresa de auditor\u00eda externa Audiplus.<\/p>\n\n\n\n<p class=\"has-nv-dark-bg-color has-text-color has-link-color wp-elements-135e9f6c8fa748bda31b6d284e5c0b48\">Auditor externo registrado en la Superintendencia de Compa\u00f1\u00edas.<\/p>\n\n\n\n<p class=\"has-nv-dark-bg-color has-text-color has-link-color wp-elements-8e47168c13057f0da34d2e2f73bad914\"><\/p>\n<\/div>\n<\/div>\n\n\n\n<div style=\"height:100px\" aria-hidden=\"true\" class=\"wp-block-spacer\"><\/div>\n\n\n\n<div class=\"wp-block-columns is-layout-flex wp-container-core-columns-is-layout-9d6595d7 wp-block-columns-is-layout-flex\">\n<div class=\"wp-block-column is-layout-flow wp-block-column-is-layout-flow\" style=\"flex-basis:30%\">\n<p><\/p>\n\n\n\n<p><\/p>\n\n\n\n<h2 class=\"wp-block-heading has-text-align-right has-nv-dark-bg-color has-text-color has-link-color wp-elements-7061c9b60b59fae72d71c12bdf111006\">Hairo Elias<br> G\u00f3ngora March\u00e1n<\/h2>\n\n\n\n<p class=\"has-text-align-right has-nv-dark-bg-color has-text-color has-link-color wp-elements-bf39072827b1555dee3036004fb7e413\">Ingeniero Comercial<br>Ingeniero en Contabilidad y Auditor\u00eda<br>Magister en Fiscalidad Tributaria<br>Internacional(en curso) <br>Abogado(en curso)<\/p>\n\n\n\n<p class=\"has-text-align-right has-nv-dark-bg-color has-text-color has-link-color wp-elements-4e0d06e947e0f7b49c1a10c425d32039\"><\/p>\n<\/div>\n\n\n\n<div class=\"wp-block-column is-layout-flow wp-block-column-is-layout-flow\"><\/div>\n\n\n\n<div class=\"wp-block-column is-layout-flow wp-block-column-is-layout-flow\" style=\"flex-basis:70%\">\n<figure class=\"wp-block-image size-full\"><img loading=\"lazy\" decoding=\"async\" width=\"956\" height=\"678\" src=\"https:\/\/elanalistacontable.com\/wp-content\/uploads\/2025\/10\/foto03.png\" alt=\"\" class=\"wp-image-186\"\/><\/figure>\n<\/div>\n<\/div>\n\n\n\n<div class=\"wp-block-columns is-layout-flex wp-container-core-columns-is-layout-9d6595d7 wp-block-columns-is-layout-flex\">\n<div class=\"wp-block-column is-layout-flow wp-block-column-is-layout-flow\"><\/div>\n<\/div>\n\n\n\n<div class=\"wp-block-columns is-layout-flex wp-container-core-columns-is-layout-9d6595d7 wp-block-columns-is-layout-flex\">\n<div class=\"wp-block-column uag-hide-desktop uag-hide-tab uag-hide-mob is-layout-flow wp-block-column-is-layout-flow\">\n<div class=\"wp-block-uagb-image aligncenter uagb-block-4838da4b wp-block-uagb-image--layout-default wp-block-uagb-image--effect-static wp-block-uagb-image--align-center\"><figure class=\"wp-block-uagb-image__figure\"><img loading=\"lazy\" decoding=\"async\" srcset=\"https:\/\/elanalistacontable.com\/wp-content\/uploads\/2025\/10\/Hairo02.png ,https:\/\/elanalistacontable.com\/wp-content\/uploads\/2025\/10\/Hairo02.png 780w, https:\/\/elanalistacontable.com\/wp-content\/uploads\/2025\/10\/Hairo02.png 360w\" sizes=\"auto, (max-width: 480px) 150px\" src=\"https:\/\/elanalistacontable.com\/wp-content\/uploads\/2025\/10\/Hairo02.png\" alt=\"\" class=\"uag-image-171\" width=\"421\" height=\"548\" title=\"Hairo02\" loading=\"lazy\" role=\"img\"\/><\/figure><\/div>\n\n\n\n<h2 class=\"wp-block-heading has-nv-dark-bg-color has-text-color has-link-color wp-elements-997d9696053171a0cd9718e107e312ba\">Hairo G\u00f3ngora March\u00e1n<\/h2>\n\n\n\n<p class=\"has-nv-dark-bg-color has-text-color has-link-color wp-elements-15cc2cdcb62cb659715c51f6083e3d42\">Planificaci\u00f3n Tributaria Local e Internacional<br>Reclamo y Devoluciones de Impuestos SRI<br>Auditor\u00eda Tributaria<br>Outsourcing Contable Tributario<\/p>\n\n\n\n<ul class=\"wp-block-social-links aligncenter has-icon-color has-icon-background-color uag-hide-desktop uag-hide-tab uag-hide-mob is-layout-flex wp-block-social-links-is-layout-flex\"><li style=\"color: var(--nv-text-dark-bg); background-color: var(--nv-dark-bg); \" class=\"wp-social-link wp-social-link-facebook has-nv-text-dark-bg-color has-nv-dark-bg-background-color wp-block-social-link\"><a href=\"#\" class=\"wp-block-social-link-anchor\"><svg width=\"24\" height=\"24\" viewBox=\"0 0 24 24\" version=\"1.1\" xmlns=\"http:\/\/www.w3.org\/2000\/svg\" aria-hidden=\"true\" focusable=\"false\"><path d=\"M12 2C6.5 2 2 6.5 2 12c0 5 3.7 9.1 8.4 9.9v-7H7.9V12h2.5V9.8c0-2.5 1.5-3.9 3.8-3.9 1.1 0 2.2.2 2.2.2v2.5h-1.3c-1.2 0-1.6.8-1.6 1.6V12h2.8l-.4 2.9h-2.3v7C18.3 21.1 22 17 22 12c0-5.5-4.5-10-10-10z\"><\/path><\/svg><span class=\"wp-block-social-link-label screen-reader-text\">Facebook<\/span><\/a><\/li>\n\n<li style=\"color: var(--nv-text-dark-bg); background-color: var(--nv-dark-bg); \" class=\"wp-social-link wp-social-link-twitter has-nv-text-dark-bg-color has-nv-dark-bg-background-color wp-block-social-link\"><a href=\"#\" class=\"wp-block-social-link-anchor\"><svg width=\"24\" height=\"24\" viewBox=\"0 0 24 24\" version=\"1.1\" xmlns=\"http:\/\/www.w3.org\/2000\/svg\" aria-hidden=\"true\" focusable=\"false\"><path d=\"M22.23,5.924c-0.736,0.326-1.527,0.547-2.357,0.646c0.847-0.508,1.498-1.312,1.804-2.27 c-0.793,0.47-1.671,0.812-2.606,0.996C18.324,4.498,17.257,4,16.077,4c-2.266,0-4.103,1.837-4.103,4.103 c0,0.322,0.036,0.635,0.106,0.935C8.67,8.867,5.647,7.234,3.623,4.751C3.27,5.357,3.067,6.062,3.067,6.814 c0,1.424,0.724,2.679,1.825,3.415c-0.673-0.021-1.305-0.206-1.859-0.513c0,0.017,0,0.034,0,0.052c0,1.988,1.414,3.647,3.292,4.023 c-0.344,0.094-0.707,0.144-1.081,0.144c-0.264,0-0.521-0.026-0.772-0.074c0.522,1.63,2.038,2.816,3.833,2.85 c-1.404,1.1-3.174,1.756-5.096,1.756c-0.331,0-0.658-0.019-0.979-0.057c1.816,1.164,3.973,1.843,6.29,1.843 c7.547,0,11.675-6.252,11.675-11.675c0-0.178-0.004-0.355-0.012-0.531C20.985,7.47,21.68,6.747,22.23,5.924z\"><\/path><\/svg><span class=\"wp-block-social-link-label screen-reader-text\">Twitter<\/span><\/a><\/li>\n\n<li style=\"color: var(--nv-text-dark-bg); background-color: var(--nv-dark-bg); \" class=\"wp-social-link wp-social-link-linkedin has-nv-text-dark-bg-color has-nv-dark-bg-background-color wp-block-social-link\"><a href=\"#\" class=\"wp-block-social-link-anchor\"><svg width=\"24\" height=\"24\" viewBox=\"0 0 24 24\" version=\"1.1\" xmlns=\"http:\/\/www.w3.org\/2000\/svg\" aria-hidden=\"true\" focusable=\"false\"><path d=\"M19.7,3H4.3C3.582,3,3,3.582,3,4.3v15.4C3,20.418,3.582,21,4.3,21h15.4c0.718,0,1.3-0.582,1.3-1.3V4.3 C21,3.582,20.418,3,19.7,3z M8.339,18.338H5.667v-8.59h2.672V18.338z M7.004,8.574c-0.857,0-1.549-0.694-1.549-1.548 c0-0.855,0.691-1.548,1.549-1.548c0.854,0,1.547,0.694,1.547,1.548C8.551,7.881,7.858,8.574,7.004,8.574z M18.339,18.338h-2.669 v-4.177c0-0.996-0.017-2.278-1.387-2.278c-1.389,0-1.601,1.086-1.601,2.206v4.249h-2.667v-8.59h2.559v1.174h0.037 c0.356-0.675,1.227-1.387,2.526-1.387c2.703,0,3.203,1.779,3.203,4.092V18.338z\"><\/path><\/svg><span class=\"wp-block-social-link-label screen-reader-text\">LinkedIn<\/span><\/a><\/li><\/ul>\n<\/div>\n\n\n\n<div class=\"wp-block-column is-layout-flow wp-block-column-is-layout-flow\"><\/div>\n<\/div>\n<\/div><\/div>\n<\/div><\/div>\n\n\n\n<div style=\"height:100px\" aria-hidden=\"true\" class=\"wp-block-spacer\"><\/div>\n\n\n\n<p><\/p>\n","protected":false},"excerpt":{"rendered":"","protected":false},"author":1,"featured_media":0,"parent":0,"menu_order":0,"comment_status":"closed","ping_status":"closed","template":"","meta":{"_uag_custom_page_level_css":"","neve_meta_sidebar":"","neve_meta_container":"","neve_meta_enable_content_width":"on","neve_meta_content_width":100,"neve_meta_title_alignment":"","neve_meta_author_avatar":"","neve_post_elements_order":"","neve_meta_disable_header":"","neve_meta_disable_footer":"","neve_meta_disable_title":"on","footnotes":""},"class_list":["post-8","page","type-page","status-publish","hentry"],"_hostinger_reach_plugin_has_subscription_block":false,"_hostinger_reach_plugin_is_elementor":false,"uagb_featured_image_src":{"full":false,"thumbnail":false,"medium":false,"medium_large":false,"large":false,"1536x1536":false,"2048x2048":false,"neve-blog":false},"uagb_author_info":{"display_name":"Hairo","author_link":"https:\/\/elanalistacontable.com\/index.php\/author\/hairo\/"},"uagb_comment_info":0,"uagb_excerpt":null,"_links":{"self":[{"href":"https:\/\/elanalistacontable.com\/index.php\/wp-json\/wp\/v2\/pages\/8","targetHints":{"allow":["GET"]}}],"collection":[{"href":"https:\/\/elanalistacontable.com\/index.php\/wp-json\/wp\/v2\/pages"}],"about":[{"href":"https:\/\/elanalistacontable.com\/index.php\/wp-json\/wp\/v2\/types\/page"}],"author":[{"embeddable":true,"href":"https:\/\/elanalistacontable.com\/index.php\/wp-json\/wp\/v2\/users\/1"}],"replies":[{"embeddable":true,"href":"https:\/\/elanalistacontable.com\/index.php\/wp-json\/wp\/v2\/comments?post=8"}],"version-history":[{"count":141,"href":"https:\/\/elanalistacontable.com\/index.php\/wp-json\/wp\/v2\/pages\/8\/revisions"}],"predecessor-version":[{"id":760,"href":"https:\/\/elanalistacontable.com\/index.php\/wp-json\/wp\/v2\/pages\/8\/revisions\/760"}],"wp:attachment":[{"href":"https:\/\/elanalistacontable.com\/index.php\/wp-json\/wp\/v2\/media?parent=8"}],"curies":[{"name":"wp","href":"https:\/\/api.w.org\/{rel}","templated":true}]}}